{"id":3147,"date":"2018-12-18T13:58:28","date_gmt":"2018-12-18T13:58:28","guid":{"rendered":"http:\/\/avvdelicias.org\/?page_id=3147"},"modified":"2018-12-18T13:58:28","modified_gmt":"2018-12-18T13:58:28","slug":"informacion-basica-sobre-proteccion-de-datos","status":"publish","type":"page","link":"https:\/\/avvdelicias.org\/?page_id=3147","title":{"rendered":"Informaci\u00f3n b\u00e1sica sobre protecci\u00f3n de datos"},"content":{"rendered":"<table style=\"height: 494px; width: 869px;\">\n<tbody>\n<tr>\n<td style=\"width: 859px;\" colspan=\"2\"><strong>INFORMACI\u00d3N B\u00c1SICA SOBRE PROTECCI\u00d3N DE DATOS<\/strong><\/td>\n<\/tr>\n<tr>\n<td style=\"width: 325px;\"><strong>Responsable de tratamiento<\/strong><\/td>\n<td style=\"width: 528px;\">ASOCIACI\u00d3N DE VECINOS DE DELICIAS \u201cMANUEL VIOLA\u201d<\/td>\n<\/tr>\n<tr>\n<td style=\"width: 325px;\"><strong>Finalidad y legitimaci\u00f3n<\/strong><\/td>\n<td style=\"width: 528px;\">El tratamiento se realiza para la gesti\u00f3n de su solicitud y\/o consulta a trav\u00e9s de este sitio web. La base legitimadora es su consentimiento al rellenar y enviar el formulario y marcar la casilla de aceptaci\u00f3n de la pol\u00edtica de privacidad<\/td>\n<\/tr>\n<tr>\n<td style=\"width: 325px;\"><strong>Destinatarios de cesiones<\/strong><\/td>\n<td style=\"width: 528px;\">No se ceder\u00e1n datos a terceros, salvo que las excepciones legalmente previstas.<\/td>\n<\/tr>\n<tr>\n<td style=\"width: 325px;\"><strong>Destinatario de transferencia internacional<\/strong><\/td>\n<td style=\"width: 528px;\">No se realizan transferencias internacionales<\/td>\n<\/tr>\n<tr>\n<td style=\"width: 325px;\"><strong>Derechos de los interesados<\/strong><\/td>\n<td style=\"width: 528px;\">A retirar su consentimiento en cualquier momento a oponerse al tratamiento, a acceder, rectificar y suprimir los datos, as\u00ed como otros derechos, como se explica en la informaci\u00f3n adicional<\/td>\n<\/tr>\n<tr>\n<td style=\"width: 325px;\"><strong>Informaci\u00f3n adicional<\/strong><\/td>\n<td style=\"width: 528px;\"><em>Puede consultar <\/em><a href=\"http:\/\/avvdelicias.org\/?page_id=3149\"><em>aqu\u00ed<\/em><\/a><em> todos los detalles<\/em><\/td>\n<\/tr>\n<\/tbody>\n<\/table>\n","protected":false},"excerpt":{"rendered":"<p>INFORMACI\u00d3N B\u00c1SICA SOBRE PROTECCI\u00d3N DE DATOS Responsable de tratamiento ASOCIACI\u00d3N DE VECINOS DE DELICIAS \u201cMANUEL VIOLA\u201d Finalidad y legitimaci\u00f3n El tratamiento se realiza para la gesti\u00f3n de su solicitud y\/o consulta a trav\u00e9s de este sitio web. La base legitimadora es su consentimiento al rellenar y enviar el formulario y marcar la casilla de aceptaci\u00f3n [&hellip;]<\/p>\n","protected":false},"author":2,"featured_media":0,"parent":0,"menu_order":0,"comment_status":"closed","ping_status":"closed","template":"","meta":{"_et_pb_use_builder":"","_et_pb_old_content":"","_et_gb_content_width":""},"_links":{"self":[{"href":"https:\/\/avvdelicias.org\/index.php?rest_route=\/wp\/v2\/pages\/3147"}],"collection":[{"href":"https:\/\/avvdelicias.org\/index.php?rest_route=\/wp\/v2\/pages"}],"about":[{"href":"https:\/\/avvdelicias.org\/index.php?rest_route=\/wp\/v2\/types\/page"}],"author":[{"embeddable":true,"href":"https:\/\/avvdelicias.org\/index.php?rest_route=\/wp\/v2\/users\/2"}],"replies":[{"embeddable":true,"href":"https:\/\/avvdelicias.org\/index.php?rest_route=%2Fwp%2Fv2%2Fcomments&post=3147"}],"version-history":[{"count":2,"href":"https:\/\/avvdelicias.org\/index.php?rest_route=\/wp\/v2\/pages\/3147\/revisions"}],"predecessor-version":[{"id":3151,"href":"https:\/\/avvdelicias.org\/index.php?rest_route=\/wp\/v2\/pages\/3147\/revisions\/3151"}],"wp:attachment":[{"href":"https:\/\/avvdelicias.org\/index.php?rest_route=%2Fwp%2Fv2%2Fmedia&parent=3147"}],"curies":[{"name":"wp","href":"https:\/\/api.w.org\/{rel}","templated":true}]}}